{"id":4305,"date":"2025-02-11T20:14:59","date_gmt":"2025-02-11T20:14:59","guid":{"rendered":"https:\/\/www.tommigrill.com\/?page_id=4305"},"modified":"2026-03-23T13:02:31","modified_gmt":"2026-03-23T13:02:31","slug":"rocca-al-mare","status":"publish","type":"page","link":"https:\/\/tommigrill.com\/en\/rocca-al-mare\/","title":{"rendered":"TOMMI GRILL ROCCA"},"content":{"rendered":"<div data-elementor-type=\"wp-page\" data-elementor-id=\"4305\" class=\"elementor elementor-4305\">\n\t\t\t\t\t\t<section class=\"elementor-section elementor-top-section elementor-element elementor-element-b83fe14 elementor-section-boxed elementor-section-height-default elementor-section-height-default\" data-id=\"b83fe14\" data-element_type=\"section\" data-e-type=\"section\" data-settings=\"{&quot;background_background&quot;:&quot;classic&quot;}\">\n\t\t\t\t\t\t\t<div class=\"elementor-background-overlay\"><\/div>\n\t\t\t\t\t\t\t<div class=\"elementor-container elementor-column-gap-default\">\n\t\t\t\t\t<div class=\"elementor-column elementor-col-50 elementor-top-column elementor-element elementor-element-e1ffff0\" data-id=\"e1ffff0\" data-element_type=\"column\" data-e-type=\"column\">\n\t\t\t<div class=\"elementor-widget-wrap elementor-element-populated\">\n\t\t\t\t\t\t<div class=\"elementor-element elementor-element-36895ac elementor-widget elementor-widget-spacer\" data-id=\"36895ac\" data-element_type=\"widget\" data-e-type=\"widget\" data-widget_type=\"spacer.default\">\n\t\t\t\t<div class=\"elementor-widget-container\">\n\t\t\t\t\t\t\t<div class=\"elementor-spacer\">\n\t\t\t<div class=\"elementor-spacer-inner\"><\/div>\n\t\t<\/div>\n\t\t\t\t\t\t<\/div>\n\t\t\t\t<\/div>\n\t\t\t\t<div class=\"elementor-element elementor-element-89edd90 elementor-widget elementor-widget-heading\" data-id=\"89edd90\" data-element_type=\"widget\" data-e-type=\"widget\" data-widget_type=\"heading.default\">\n\t\t\t\t<div class=\"elementor-widget-container\">\n\t\t\t\t\t<h2 class=\"elementor-heading-title elementor-size-default\">Tommi Grill Rocca al Mare\n<\/h2>\t\t\t\t<\/div>\n\t\t\t\t<\/div>\n\t\t\t\t<div class=\"elementor-element elementor-element-6de0d02 elementor-widget elementor-widget-spacer\" data-id=\"6de0d02\" data-element_type=\"widget\" data-e-type=\"widget\" data-widget_type=\"spacer.default\">\n\t\t\t\t<div class=\"elementor-widget-container\">\n\t\t\t\t\t\t\t<div class=\"elementor-spacer\">\n\t\t\t<div class=\"elementor-spacer-inner\"><\/div>\n\t\t<\/div>\n\t\t\t\t\t\t<\/div>\n\t\t\t\t<\/div>\n\t\t\t\t<div class=\"elementor-element elementor-element-c291284 elementor-widget elementor-widget-text-editor\" data-id=\"c291284\" data-element_type=\"widget\" data-e-type=\"widget\" data-widget_type=\"text-editor.default\">\n\t\t\t\t<div class=\"elementor-widget-container\">\n\t\t\t\t\t\t\t\t\t<p>We are pleased to announce that Tommi Grill is now open on the second floor of the Rocca al Mare center!<\/p><p>Tommi Grill is the perfect place for lunch or dinner, and a pleasant break between shopping. Quality food and friendly service create a cozy atmosphere where it's enjoyable to spend time with family and friends.<\/p><p>We also welcome families \u2013 our children's menu offers appetizing dishes designed for our younger guests! While the food is being prepared, kids can have fun drawing and coloring.<\/p>\t\t\t\t\t\t\t\t<\/div>\n\t\t\t\t<\/div>\n\t\t\t\t<div class=\"elementor-element elementor-element-1e86122 elementor-widget elementor-widget-text-editor\" data-id=\"1e86122\" data-element_type=\"widget\" data-e-type=\"widget\" data-widget_type=\"text-editor.default\">\n\t\t\t\t<div class=\"elementor-widget-container\">\n\t\t\t\t\t\t\t\t\t<p>WE ARE OPEN<\/p>\n<p>E-L 10:00- 21:00<br>P 10:00- 20:00<\/p><p>K\u00f6\u00f6k suletakse 30min enne restorani sulgemisaega.<\/p>\t\t\t\t\t\t\t\t<\/div>\n\t\t\t\t<\/div>\n\t\t\t\t<section class=\"elementor-section elementor-inner-section elementor-element elementor-element-5a565f9 elementor-section-full_width elementor-section-height-default elementor-section-height-default\" data-id=\"5a565f9\" data-element_type=\"section\" data-e-type=\"section\">\n\t\t\t\t\t\t<div class=\"elementor-container elementor-column-gap-custom\">\n\t\t\t\t\t<div class=\"elementor-column elementor-col-100 elementor-inner-column elementor-element elementor-element-6d666c2\" data-id=\"6d666c2\" data-element_type=\"column\" data-e-type=\"column\">\n\t\t\t<div class=\"elementor-widget-wrap elementor-element-populated\">\n\t\t\t\t\t\t<div class=\"elementor-element elementor-element-bea6d4b elementor-align-justify elementor-widget elementor-widget-button\" data-id=\"bea6d4b\" data-element_type=\"widget\" data-e-type=\"widget\" data-widget_type=\"button.default\">\n\t\t\t\t<div class=\"elementor-widget-container\">\n\t\t\t\t\t\t\t\t\t<div class=\"elementor-button-wrapper\">\n\t\t\t\t\t<a class=\"elementor-button elementor-button-link elementor-size-sm\" href=\"https:\/\/tommigrill.com\/en\/paevapakkumised-2\/\">\n\t\t\t\t\t\t<span class=\"elementor-button-content-wrapper\">\n\t\t\t\t\t\t\t\t\t<span class=\"elementor-button-text\">DAILY SPECIALS OFFER<\/span>\n\t\t\t\t\t<\/span>\n\t\t\t\t\t<\/a>\n\t\t\t\t<\/div>\n\t\t\t\t\t\t\t\t<\/div>\n\t\t\t\t<\/div>\n\t\t\t\t<div class=\"elementor-element elementor-element-00a5fe6 elementor-align-justify elementor-widget elementor-widget-button\" data-id=\"00a5fe6\" data-element_type=\"widget\" data-e-type=\"widget\" data-widget_type=\"button.default\">\n\t\t\t\t<div class=\"elementor-widget-container\">\n\t\t\t\t\t\t\t\t\t<div class=\"elementor-button-wrapper\">\n\t\t\t\t\t<a class=\"elementor-button elementor-button-link elementor-size-sm\" href=\"https:\/\/tommigrill.com\/en\/menuu-rocca\/\">\n\t\t\t\t\t\t<span class=\"elementor-button-content-wrapper\">\n\t\t\t\t\t\t\t\t\t<span class=\"elementor-button-text\">MENU<\/span>\n\t\t\t\t\t<\/span>\n\t\t\t\t\t<\/a>\n\t\t\t\t<\/div>\n\t\t\t\t\t\t\t\t<\/div>\n\t\t\t\t<\/div>\n\t\t\t\t<div class=\"elementor-element elementor-element-4e1ded8 elementor-align-justify elementor-widget elementor-widget-button\" data-id=\"4e1ded8\" data-element_type=\"widget\" data-e-type=\"widget\" data-widget_type=\"button.default\">\n\t\t\t\t<div class=\"elementor-widget-container\">\n\t\t\t\t\t\t\t\t\t<div class=\"elementor-button-wrapper\">\n\t\t\t\t\t<a class=\"elementor-button elementor-button-link elementor-size-sm\" href=\"https:\/\/tommigrill.com\/en\/kontakt\/\">\n\t\t\t\t\t\t<span class=\"elementor-button-content-wrapper\">\n\t\t\t\t\t\t\t\t\t<span class=\"elementor-button-text\">CONTACT<\/span>\n\t\t\t\t\t<\/span>\n\t\t\t\t\t<\/a>\n\t\t\t\t<\/div>\n\t\t\t\t\t\t\t\t<\/div>\n\t\t\t\t<\/div>\n\t\t\t\t\t<\/div>\n\t\t<\/div>\n\t\t\t\t\t<\/div>\n\t\t<\/section>\n\t\t\t\t\t<\/div>\n\t\t<\/div>\n\t\t\t\t<div class=\"elementor-column elementor-col-50 elementor-top-column elementor-element elementor-element-a964ef4\" data-id=\"a964ef4\" data-element_type=\"column\" data-e-type=\"column\">\n\t\t\t<div class=\"elementor-widget-wrap elementor-element-populated\">\n\t\t\t\t\t\t<div class=\"elementor-element elementor-element-80165a0 elementor-widget elementor-widget-spacer\" data-id=\"80165a0\" data-element_type=\"widget\" data-e-type=\"widget\" data-widget_type=\"spacer.default\">\n\t\t\t\t<div class=\"elementor-widget-container\">\n\t\t\t\t\t\t\t<div class=\"elementor-spacer\">\n\t\t\t<div class=\"elementor-spacer-inner\"><\/div>\n\t\t<\/div>\n\t\t\t\t\t\t<\/div>\n\t\t\t\t<\/div>\n\t\t\t\t<div class=\"elementor-element elementor-element-6102af7 elementor-widget elementor-widget-image\" data-id=\"6102af7\" data-element_type=\"widget\" data-e-type=\"widget\" data-widget_type=\"image.default\">\n\t\t\t\t<div class=\"elementor-widget-container\">\n\t\t\t\t\t\t\t\t\t\t\t\t\t\t\t<img fetchpriority=\"high\" decoding=\"async\" width=\"1024\" height=\"1024\" src=\"https:\/\/tommigrill.com\/wp-content\/uploads\/2025\/02\/pic-3.png\" class=\"attachment-large size-large wp-image-4426\" alt=\"\" srcset=\"https:\/\/tommigrill.com\/wp-content\/uploads\/2025\/02\/pic-3.png 1024w, https:\/\/tommigrill.com\/wp-content\/uploads\/2025\/02\/pic-3-300x300.png 300w, https:\/\/tommigrill.com\/wp-content\/uploads\/2025\/02\/pic-3-150x150.png 150w, https:\/\/tommigrill.com\/wp-content\/uploads\/2025\/02\/pic-3-768x768.png 768w, https:\/\/tommigrill.com\/wp-content\/uploads\/2025\/02\/pic-3-12x12.png 12w\" sizes=\"(max-width: 1024px) 100vw, 1024px\" \/>\t\t\t\t\t\t\t\t\t\t\t\t\t\t\t<\/div>\n\t\t\t\t<\/div>\n\t\t\t\t\t<\/div>\n\t\t<\/div>\n\t\t\t\t\t<\/div>\n\t\t<\/section>\n\t\t\t\t<section class=\"elementor-section elementor-top-section elementor-element elementor-element-5a9ae53 elementor-section-boxed elementor-section-height-default elementor-section-height-default\" data-id=\"5a9ae53\" data-element_type=\"section\" data-e-type=\"section\">\n\t\t\t\t\t\t<div class=\"elementor-container elementor-column-gap-default\">\n\t\t\t\t\t<div class=\"elementor-column elementor-col-100 elementor-top-column elementor-element elementor-element-2e70156\" data-id=\"2e70156\" data-element_type=\"column\" data-e-type=\"column\">\n\t\t\t<div class=\"elementor-widget-wrap elementor-element-populated\">\n\t\t\t\t\t\t<div class=\"elementor-element elementor-element-498ce4e gallery-spacing-custom elementor-widget__width-inherit elementor-widget elementor-widget-image-gallery\" data-id=\"498ce4e\" data-element_type=\"widget\" data-e-type=\"widget\" data-widget_type=\"image-gallery.default\">\n\t\t\t\t<div class=\"elementor-widget-container\">\n\t\t\t\t\t\t\t<div class=\"elementor-image-gallery\">\n\t\t\t<div id='gallery-1' class='gallery galleryid-4305 gallery-columns-3 gallery-size-medium_large'><figure class='gallery-item'>\n\t\t\t<div class='gallery-icon landscape'>\n\t\t\t\t<a data-elementor-open-lightbox=\"yes\" data-elementor-lightbox-slideshow=\"498ce4e\" data-elementor-lightbox-title=\"_DSC2825\" data-e-action-hash=\"#elementor-action%3Aaction%3Dlightbox%26settings%3DeyJpZCI6NDMxNiwidXJsIjoiaHR0cHM6XC9cL3RvbW1pZ3JpbGwuY29tXC93cC1jb250ZW50XC91cGxvYWRzXC8yMDI1XC8wMlwvRFNDMjgyNS5qcGciLCJzbGlkZXNob3ciOiI0OThjZTRlIn0%3D\" href='https:\/\/tommigrill.com\/wp-content\/uploads\/2025\/02\/DSC2825.jpg'><img decoding=\"async\" width=\"768\" height=\"513\" src=\"https:\/\/tommigrill.com\/wp-content\/uploads\/2025\/02\/DSC2825-768x513.jpg\" class=\"attachment-medium_large size-medium_large\" alt=\"\" srcset=\"https:\/\/tommigrill.com\/wp-content\/uploads\/2025\/02\/DSC2825-768x513.jpg 768w, https:\/\/tommigrill.com\/wp-content\/uploads\/2025\/02\/DSC2825-300x200.jpg 300w, https:\/\/tommigrill.com\/wp-content\/uploads\/2025\/02\/DSC2825-1024x684.jpg 1024w, https:\/\/tommigrill.com\/wp-content\/uploads\/2025\/02\/DSC2825-1536x1025.jpg 1536w, https:\/\/tommigrill.com\/wp-content\/uploads\/2025\/02\/DSC2825-18x12.jpg 18w, https:\/\/tommigrill.com\/wp-content\/uploads\/2025\/02\/DSC2825.jpg 2048w\" sizes=\"(max-width: 768px) 100vw, 768px\" \/><\/a>\n\t\t\t<\/div><\/figure><figure class='gallery-item'>\n\t\t\t<div class='gallery-icon landscape'>\n\t\t\t\t<a data-elementor-open-lightbox=\"yes\" data-elementor-lightbox-slideshow=\"498ce4e\" data-elementor-lightbox-title=\"_DSC2807\" data-e-action-hash=\"#elementor-action%3Aaction%3Dlightbox%26settings%3DeyJpZCI6NDMxNSwidXJsIjoiaHR0cHM6XC9cL3RvbW1pZ3JpbGwuY29tXC93cC1jb250ZW50XC91cGxvYWRzXC8yMDI1XC8wMlwvRFNDMjgwNy5qcGciLCJzbGlkZXNob3ciOiI0OThjZTRlIn0%3D\" href='https:\/\/tommigrill.com\/wp-content\/uploads\/2025\/02\/DSC2807.jpg'><img decoding=\"async\" width=\"768\" height=\"513\" src=\"https:\/\/tommigrill.com\/wp-content\/uploads\/2025\/02\/DSC2807-768x513.jpg\" class=\"attachment-medium_large size-medium_large\" alt=\"\" srcset=\"https:\/\/tommigrill.com\/wp-content\/uploads\/2025\/02\/DSC2807-768x513.jpg 768w, https:\/\/tommigrill.com\/wp-content\/uploads\/2025\/02\/DSC2807-300x200.jpg 300w, https:\/\/tommigrill.com\/wp-content\/uploads\/2025\/02\/DSC2807-1024x684.jpg 1024w, https:\/\/tommigrill.com\/wp-content\/uploads\/2025\/02\/DSC2807-1536x1025.jpg 1536w, https:\/\/tommigrill.com\/wp-content\/uploads\/2025\/02\/DSC2807-18x12.jpg 18w, https:\/\/tommigrill.com\/wp-content\/uploads\/2025\/02\/DSC2807.jpg 2048w\" sizes=\"(max-width: 768px) 100vw, 768px\" \/><\/a>\n\t\t\t<\/div><\/figure><figure class='gallery-item'>\n\t\t\t<div class='gallery-icon landscape'>\n\t\t\t\t<a data-elementor-open-lightbox=\"yes\" data-elementor-lightbox-slideshow=\"498ce4e\" data-elementor-lightbox-title=\"_DSC2797\" data-e-action-hash=\"#elementor-action%3Aaction%3Dlightbox%26settings%3DeyJpZCI6NDMxNCwidXJsIjoiaHR0cHM6XC9cL3RvbW1pZ3JpbGwuY29tXC93cC1jb250ZW50XC91cGxvYWRzXC8yMDI1XC8wMlwvRFNDMjc5Ny5qcGciLCJzbGlkZXNob3ciOiI0OThjZTRlIn0%3D\" href='https:\/\/tommigrill.com\/wp-content\/uploads\/2025\/02\/DSC2797.jpg'><img loading=\"lazy\" decoding=\"async\" width=\"768\" height=\"513\" src=\"https:\/\/tommigrill.com\/wp-content\/uploads\/2025\/02\/DSC2797-768x513.jpg\" class=\"attachment-medium_large size-medium_large\" alt=\"\" srcset=\"https:\/\/tommigrill.com\/wp-content\/uploads\/2025\/02\/DSC2797-768x513.jpg 768w, https:\/\/tommigrill.com\/wp-content\/uploads\/2025\/02\/DSC2797-300x200.jpg 300w, https:\/\/tommigrill.com\/wp-content\/uploads\/2025\/02\/DSC2797-1024x684.jpg 1024w, https:\/\/tommigrill.com\/wp-content\/uploads\/2025\/02\/DSC2797-1536x1025.jpg 1536w, https:\/\/tommigrill.com\/wp-content\/uploads\/2025\/02\/DSC2797-18x12.jpg 18w, https:\/\/tommigrill.com\/wp-content\/uploads\/2025\/02\/DSC2797.jpg 2048w\" sizes=\"(max-width: 768px) 100vw, 768px\" \/><\/a>\n\t\t\t<\/div><\/figure>\n\t\t<\/div>\n\t\t<\/div>\n\t\t\t\t\t\t<\/div>\n\t\t\t\t<\/div>\n\t\t\t\t\t<\/div>\n\t\t<\/div>\n\t\t\t\t\t<\/div>\n\t\t<\/section>\n\t\t\t\t<\/div>","protected":false},"excerpt":{"rendered":"<p>Tommi Grill Rocca al Mare R\u00f5\u00f5m on teatada, et Tommi Grill on n\u00fc\u00fcd avatud Rocca al Mare keskuse II korrusel! Tommi Grill on ideaalne koht l\u00f5una- v\u00f5i \u00f5htus\u00f6\u00f6giks ning m\u00f5nusaks puhkepausiks ostlemise vahel. Kvaliteetne toit ja s\u00f5bralik teenindus loovad hubase atmosf\u00e4\u00e4ri, kus on meeldiv aega veeta nii pere kui ka s\u00f5prade seltsis. Ootame k\u00fclla ka [&hellip;]<\/p>\n","protected":false},"author":1,"featured_media":0,"parent":0,"menu_order":0,"comment_status":"closed","ping_status":"closed","template":"","meta":{"_bbp_topic_count":0,"_bbp_reply_count":0,"_bbp_total_topic_count":0,"_bbp_total_reply_count":0,"_bbp_voice_count":0,"_bbp_anonymous_reply_count":0,"_bbp_topic_count_hidden":0,"_bbp_reply_count_hidden":0,"_bbp_forum_subforum_count":0,"site-sidebar-layout":"no-sidebar","site-content-layout":"page-builder","ast-site-content-layout":"full-width-container","site-content-style":"default","site-sidebar-style":"default","ast-global-header-display":"","ast-banner-title-visibility":"","ast-main-header-display":"","ast-hfb-above-header-display":"","ast-hfb-below-header-display":"","ast-hfb-mobile-header-display":"","site-post-title":"disabled","ast-breadcrumbs-content":"","ast-featured-img":"disabled","footer-sml-layout":"","ast-disable-related-posts":"","theme-transparent-header-meta":"default","adv-header-id-meta":"","stick-header-meta":"","header-above-stick-meta":"","header-main-stick-meta":"","header-below-stick-meta":"","astra-migrate-meta-layouts":"set","ast-page-background-enabled":"default","ast-page-background-meta":{"desktop":{"background-color":"","background-image":"","background-repeat":"repeat","background-position":"center center","background-size":"auto","background-attachment":"scroll","background-type":"","background-media":"","overlay-type":"","overlay-color":"","overlay-opacity":"","overlay-gradient":""},"tablet":{"background-color":"","background-image":"","background-repeat":"repeat","background-position":"center center","background-size":"auto","background-attachment":"scroll","background-type":"","background-media":"","overlay-type":"","overlay-color":"","overlay-opacity":"","overlay-gradient":""},"mobile":{"background-color":"","background-image":"","background-repeat":"repeat","background-position":"center center","background-size":"auto","background-attachment":"scroll","background-type":"","background-media":"","overlay-type":"","overlay-color":"","overlay-opacity":"","overlay-gradient":""}},"ast-content-background-meta":{"desktop":{"background-color":"var(--ast-global-color-5)","background-image":"","background-repeat":"repeat","background-position":"center center","background-size":"auto","background-attachment":"scroll","background-type":"","background-media":"","overlay-type":"","overlay-color":"","overlay-opacity":"","overlay-gradient":""},"tablet":{"background-color":"var(--ast-global-color-5)","background-image":"","background-repeat":"repeat","background-position":"center center","background-size":"auto","background-attachment":"scroll","background-type":"","background-media":"","overlay-type":"","overlay-color":"","overlay-opacity":"","overlay-gradient":""},"mobile":{"background-color":"var(--ast-global-color-5)","background-image":"","background-repeat":"repeat","background-position":"center center","background-size":"auto","background-attachment":"scroll","background-type":"","background-media":"","overlay-type":"","overlay-color":"","overlay-opacity":"","overlay-gradient":""}},"footnotes":""},"class_list":["post-4305","page","type-page","status-publish","hentry"],"yoast_head":"<!-- This site is optimized with the Yoast SEO plugin v27.6 - https:\/\/yoast.com\/product\/yoast-seo-wordpress\/ -->\n<title>TOMMI GRILL ROCCA - Tommi Grill<\/title>\n<meta name=\"description\" content=\"Meie men\u00fc\u00fcst leiad maitsvad liharoad, v\u00e4rskelt valmistatud salatid, ahvatlevad magustoidud ning hoolikalt valitud joogivaliku.\" \/>\n<meta name=\"robots\" content=\"index, follow, max-snippet:-1, max-image-preview:large, max-video-preview:-1\" \/>\n<link rel=\"canonical\" href=\"https:\/\/www.tommigrill.com\/en\/rocca-al-mare\/\" \/>\n<meta property=\"og:locale\" content=\"en_US\" \/>\n<meta property=\"og:type\" content=\"article\" \/>\n<meta property=\"og:title\" content=\"TOMMI GRILL ROCCA - Tommi Grill\" \/>\n<meta property=\"og:description\" content=\"Meie men\u00fc\u00fcst leiad maitsvad liharoad, v\u00e4rskelt valmistatud salatid, ahvatlevad magustoidud ning hoolikalt valitud joogivaliku.\" \/>\n<meta property=\"og:url\" content=\"https:\/\/www.tommigrill.com\/en\/rocca-al-mare\/\" \/>\n<meta property=\"og:site_name\" content=\"Tommi Grill\" \/>\n<meta property=\"article:modified_time\" content=\"2026-03-23T13:02:31+00:00\" \/>\n<meta property=\"og:image\" content=\"https:\/\/www.tommigrill.com\/wp-content\/uploads\/2025\/02\/pic-3.png\" \/>\n<meta name=\"twitter:card\" content=\"summary_large_image\" \/>\n<meta name=\"twitter:label1\" content=\"Est. reading time\" \/>\n\t<meta name=\"twitter:data1\" content=\"2 minutes\" \/>\n<script type=\"application\/ld+json\" class=\"yoast-schema-graph\">{\"@context\":\"https:\\\/\\\/schema.org\",\"@graph\":[{\"@type\":\"WebPage\",\"@id\":\"https:\\\/\\\/www.tommigrill.com\\\/en\\\/rocca-al-mare\\\/\",\"url\":\"https:\\\/\\\/www.tommigrill.com\\\/en\\\/rocca-al-mare\\\/\",\"name\":\"TOMMI GRILL ROCCA - Tommi Grill\",\"isPartOf\":{\"@id\":\"https:\\\/\\\/tommigrill.com\\\/#website\"},\"primaryImageOfPage\":{\"@id\":\"https:\\\/\\\/www.tommigrill.com\\\/en\\\/rocca-al-mare\\\/#primaryimage\"},\"image\":{\"@id\":\"https:\\\/\\\/www.tommigrill.com\\\/en\\\/rocca-al-mare\\\/#primaryimage\"},\"thumbnailUrl\":\"https:\\\/\\\/www.tommigrill.com\\\/wp-content\\\/uploads\\\/2025\\\/02\\\/pic-3.png\",\"datePublished\":\"2025-02-11T20:14:59+00:00\",\"dateModified\":\"2026-03-23T13:02:31+00:00\",\"description\":\"Meie men\u00fc\u00fcst leiad maitsvad liharoad, v\u00e4rskelt valmistatud salatid, ahvatlevad magustoidud ning hoolikalt valitud joogivaliku.\",\"breadcrumb\":{\"@id\":\"https:\\\/\\\/www.tommigrill.com\\\/en\\\/rocca-al-mare\\\/#breadcrumb\"},\"inLanguage\":\"en-US\",\"potentialAction\":[{\"@type\":\"ReadAction\",\"target\":[\"https:\\\/\\\/www.tommigrill.com\\\/en\\\/rocca-al-mare\\\/\"]}]},{\"@type\":\"ImageObject\",\"inLanguage\":\"en-US\",\"@id\":\"https:\\\/\\\/www.tommigrill.com\\\/en\\\/rocca-al-mare\\\/#primaryimage\",\"url\":\"https:\\\/\\\/www.tommigrill.com\\\/wp-content\\\/uploads\\\/2025\\\/02\\\/pic-3.png\",\"contentUrl\":\"https:\\\/\\\/www.tommigrill.com\\\/wp-content\\\/uploads\\\/2025\\\/02\\\/pic-3.png\"},{\"@type\":\"BreadcrumbList\",\"@id\":\"https:\\\/\\\/www.tommigrill.com\\\/en\\\/rocca-al-mare\\\/#breadcrumb\",\"itemListElement\":[{\"@type\":\"ListItem\",\"position\":1,\"name\":\"Home\",\"item\":\"https:\\\/\\\/tommigrill.com\\\/\"},{\"@type\":\"ListItem\",\"position\":2,\"name\":\"TOMMI GRILL ROCCA\"}]},{\"@type\":\"WebSite\",\"@id\":\"https:\\\/\\\/tommigrill.com\\\/#website\",\"url\":\"https:\\\/\\\/tommigrill.com\\\/\",\"name\":\"Tommi Grill\",\"description\":\"\",\"publisher\":{\"@id\":\"https:\\\/\\\/tommigrill.com\\\/#organization\"},\"potentialAction\":[{\"@type\":\"SearchAction\",\"target\":{\"@type\":\"EntryPoint\",\"urlTemplate\":\"https:\\\/\\\/tommigrill.com\\\/?s={search_term_string}\"},\"query-input\":{\"@type\":\"PropertyValueSpecification\",\"valueRequired\":true,\"valueName\":\"search_term_string\"}}],\"inLanguage\":\"en-US\"},{\"@type\":\"Organization\",\"@id\":\"https:\\\/\\\/tommigrill.com\\\/#organization\",\"name\":\"Tommi Grill\",\"url\":\"https:\\\/\\\/tommigrill.com\\\/\",\"logo\":{\"@type\":\"ImageObject\",\"inLanguage\":\"en-US\",\"@id\":\"https:\\\/\\\/tommigrill.com\\\/#\\\/schema\\\/logo\\\/image\\\/\",\"url\":\"https:\\\/\\\/tommigrill.com\\\/wp-content\\\/uploads\\\/2020\\\/04\\\/cropped-tommi_grill-logo-2.png\",\"contentUrl\":\"https:\\\/\\\/tommigrill.com\\\/wp-content\\\/uploads\\\/2020\\\/04\\\/cropped-tommi_grill-logo-2.png\",\"width\":500,\"height\":167,\"caption\":\"Tommi Grill\"},\"image\":{\"@id\":\"https:\\\/\\\/tommigrill.com\\\/#\\\/schema\\\/logo\\\/image\\\/\"}}]}<\/script>\n<!-- \/ Yoast SEO plugin. -->","yoast_head_json":{"title":"TOMMI GRILL ROCCA - Tommi Grill","description":"In our menu, you'll find delicious meat dishes, freshly prepared salads, tempting desserts, and a carefully selected drink selection.","robots":{"index":"index","follow":"follow","max-snippet":"max-snippet:-1","max-image-preview":"max-image-preview:large","max-video-preview":"max-video-preview:-1"},"canonical":"https:\/\/www.tommigrill.com\/en\/rocca-al-mare\/","og_locale":"en_US","og_type":"article","og_title":"TOMMI GRILL ROCCA - Tommi Grill","og_description":"Meie men\u00fc\u00fcst leiad maitsvad liharoad, v\u00e4rskelt valmistatud salatid, ahvatlevad magustoidud ning hoolikalt valitud joogivaliku.","og_url":"https:\/\/www.tommigrill.com\/en\/rocca-al-mare\/","og_site_name":"Tommi Grill","article_modified_time":"2026-03-23T13:02:31+00:00","og_image":[{"url":"https:\/\/www.tommigrill.com\/wp-content\/uploads\/2025\/02\/pic-3.png","type":"","width":"","height":""}],"twitter_card":"summary_large_image","twitter_misc":{"Est. reading time":"2 minutes"},"schema":{"@context":"https:\/\/schema.org","@graph":[{"@type":"WebPage","@id":"https:\/\/www.tommigrill.com\/en\/rocca-al-mare\/","url":"https:\/\/www.tommigrill.com\/en\/rocca-al-mare\/","name":"TOMMI GRILL ROCCA - Tommi Grill","isPartOf":{"@id":"https:\/\/tommigrill.com\/#website"},"primaryImageOfPage":{"@id":"https:\/\/www.tommigrill.com\/en\/rocca-al-mare\/#primaryimage"},"image":{"@id":"https:\/\/www.tommigrill.com\/en\/rocca-al-mare\/#primaryimage"},"thumbnailUrl":"https:\/\/www.tommigrill.com\/wp-content\/uploads\/2025\/02\/pic-3.png","datePublished":"2025-02-11T20:14:59+00:00","dateModified":"2026-03-23T13:02:31+00:00","description":"In our menu, you'll find delicious meat dishes, freshly prepared salads, tempting desserts, and a carefully selected drink selection.","breadcrumb":{"@id":"https:\/\/www.tommigrill.com\/en\/rocca-al-mare\/#breadcrumb"},"inLanguage":"en-US","potentialAction":[{"@type":"ReadAction","target":["https:\/\/www.tommigrill.com\/en\/rocca-al-mare\/"]}]},{"@type":"ImageObject","inLanguage":"en-US","@id":"https:\/\/www.tommigrill.com\/en\/rocca-al-mare\/#primaryimage","url":"https:\/\/www.tommigrill.com\/wp-content\/uploads\/2025\/02\/pic-3.png","contentUrl":"https:\/\/www.tommigrill.com\/wp-content\/uploads\/2025\/02\/pic-3.png"},{"@type":"BreadcrumbList","@id":"https:\/\/www.tommigrill.com\/en\/rocca-al-mare\/#breadcrumb","itemListElement":[{"@type":"ListItem","position":1,"name":"Home","item":"https:\/\/tommigrill.com\/"},{"@type":"ListItem","position":2,"name":"TOMMI GRILL ROCCA"}]},{"@type":"WebSite","@id":"https:\/\/tommigrill.com\/#website","url":"https:\/\/tommigrill.com\/","name":"Tommi Grill","description":"","publisher":{"@id":"https:\/\/tommigrill.com\/#organization"},"potentialAction":[{"@type":"SearchAction","target":{"@type":"EntryPoint","urlTemplate":"https:\/\/tommigrill.com\/?s={search_term_string}"},"query-input":{"@type":"PropertyValueSpecification","valueRequired":true,"valueName":"search_term_string"}}],"inLanguage":"en-US"},{"@type":"Organization","@id":"https:\/\/tommigrill.com\/#organization","name":"Tommi Grill","url":"https:\/\/tommigrill.com\/","logo":{"@type":"ImageObject","inLanguage":"en-US","@id":"https:\/\/tommigrill.com\/#\/schema\/logo\/image\/","url":"https:\/\/tommigrill.com\/wp-content\/uploads\/2020\/04\/cropped-tommi_grill-logo-2.png","contentUrl":"https:\/\/tommigrill.com\/wp-content\/uploads\/2020\/04\/cropped-tommi_grill-logo-2.png","width":500,"height":167,"caption":"Tommi Grill"},"image":{"@id":"https:\/\/tommigrill.com\/#\/schema\/logo\/image\/"}}]}},"_links":{"self":[{"href":"https:\/\/tommigrill.com\/en\/wp-json\/wp\/v2\/pages\/4305","targetHints":{"allow":["GET"]}}],"collection":[{"href":"https:\/\/tommigrill.com\/en\/wp-json\/wp\/v2\/pages"}],"about":[{"href":"https:\/\/tommigrill.com\/en\/wp-json\/wp\/v2\/types\/page"}],"author":[{"embeddable":true,"href":"https:\/\/tommigrill.com\/en\/wp-json\/wp\/v2\/users\/1"}],"replies":[{"embeddable":true,"href":"https:\/\/tommigrill.com\/en\/wp-json\/wp\/v2\/comments?post=4305"}],"version-history":[{"count":5,"href":"https:\/\/tommigrill.com\/en\/wp-json\/wp\/v2\/pages\/4305\/revisions"}],"predecessor-version":[{"id":6217,"href":"https:\/\/tommigrill.com\/en\/wp-json\/wp\/v2\/pages\/4305\/revisions\/6217"}],"wp:attachment":[{"href":"https:\/\/tommigrill.com\/en\/wp-json\/wp\/v2\/media?parent=4305"}],"curies":[{"name":"wp","href":"https:\/\/api.w.org\/{rel}","templated":true}]}}