{"id":4449,"date":"2025-02-12T21:24:55","date_gmt":"2025-02-12T21:24:55","guid":{"rendered":"https:\/\/tommigrill.com\/?page_id=4449"},"modified":"2026-01-05T08:26:30","modified_gmt":"2026-01-05T08:26:30","slug":"tommi-grill-metro-plaza","status":"publish","type":"page","link":"https:\/\/tommigrill.com\/en\/tommi-grill-metro-plaza\/","title":{"rendered":"TOMMI GRILL METRO PLAZA"},"content":{"rendered":"<div data-elementor-type=\"wp-page\" data-elementor-id=\"4449\" class=\"elementor elementor-4449\">\n\t\t\t\t\t\t<section class=\"elementor-section elementor-top-section elementor-element elementor-element-413b642c elementor-section-boxed elementor-section-height-default elementor-section-height-default\" data-id=\"413b642c\" data-element_type=\"section\" data-e-type=\"section\" data-settings=\"{&quot;background_background&quot;:&quot;classic&quot;}\">\n\t\t\t\t\t\t\t<div class=\"elementor-background-overlay\"><\/div>\n\t\t\t\t\t\t\t<div class=\"elementor-container elementor-column-gap-default\">\n\t\t\t\t\t<div class=\"elementor-column elementor-col-50 elementor-top-column elementor-element elementor-element-6a0b07f\" data-id=\"6a0b07f\" data-element_type=\"column\" data-e-type=\"column\">\n\t\t\t<div class=\"elementor-widget-wrap elementor-element-populated\">\n\t\t\t\t\t\t<div class=\"elementor-element elementor-element-278fb103 elementor-widget elementor-widget-spacer\" data-id=\"278fb103\" data-element_type=\"widget\" data-e-type=\"widget\" data-widget_type=\"spacer.default\">\n\t\t\t\t<div class=\"elementor-widget-container\">\n\t\t\t\t\t\t\t<div class=\"elementor-spacer\">\n\t\t\t<div class=\"elementor-spacer-inner\"><\/div>\n\t\t<\/div>\n\t\t\t\t\t\t<\/div>\n\t\t\t\t<\/div>\n\t\t\t\t<div class=\"elementor-element elementor-element-3d6802be elementor-widget elementor-widget-heading\" data-id=\"3d6802be\" data-element_type=\"widget\" data-e-type=\"widget\" data-widget_type=\"heading.default\">\n\t\t\t\t<div class=\"elementor-widget-container\">\n\t\t\t\t\t<h2 class=\"elementor-heading-title elementor-size-default\">Tommi Grill METRO PLAZA\n<\/h2>\t\t\t\t<\/div>\n\t\t\t\t<\/div>\n\t\t\t\t<div class=\"elementor-element elementor-element-33a6fd05 elementor-widget elementor-widget-text-editor\" data-id=\"33a6fd05\" data-element_type=\"widget\" data-e-type=\"widget\" data-widget_type=\"text-editor.default\">\n\t\t\t\t<div class=\"elementor-widget-container\">\n\t\t\t\t\t\t\t\t\t<p>In our menu, you'll find delicious meat dishes, freshly prepared salads, tempting desserts, and a carefully selected drink selection.<\/p><p>Tommi Grill is the perfect place for lunch or dinner, and a pleasant break between shopping. Quality food and friendly service create a cozy atmosphere where it's enjoyable to spend time with family and friends.<\/p><p>We also welcome families \u2013 our children's menu offers appetizing dishes designed for our younger guests! While the food is being prepared, kids can have fun drawing and coloring.<\/p>\t\t\t\t\t\t\t\t<\/div>\n\t\t\t\t<\/div>\n\t\t\t\t<div class=\"elementor-element elementor-element-aad6604 elementor-widget elementor-widget-heading\" data-id=\"aad6604\" data-element_type=\"widget\" data-e-type=\"widget\" data-widget_type=\"heading.default\">\n\t\t\t\t<div class=\"elementor-widget-container\">\n\t\t\t\t\t<h2 class=\"elementor-heading-title elementor-size-default\">WE ARE OPEN<\/h2>\t\t\t\t<\/div>\n\t\t\t\t<\/div>\n\t\t\t\t<div class=\"elementor-element elementor-element-247a405e elementor-widget elementor-widget-text-editor\" data-id=\"247a405e\" data-element_type=\"widget\" data-e-type=\"widget\" data-widget_type=\"text-editor.default\">\n\t\t\t\t<div class=\"elementor-widget-container\">\n\t\t\t\t\t\t\t\t\t<p>E-L 11:30-23:30<br>P&nbsp; &nbsp; &nbsp;SULETUD<\/p>\n<p>K\u00f6\u00f6k suletakse 1h enne restorani sulgemisaega.<\/p>\t\t\t\t\t\t\t\t<\/div>\n\t\t\t\t<\/div>\n\t\t\t\t<section class=\"elementor-section elementor-inner-section elementor-element elementor-element-cc8e0c6 elementor-section-full_width elementor-section-height-default elementor-section-height-default\" data-id=\"cc8e0c6\" data-element_type=\"section\" data-e-type=\"section\">\n\t\t\t\t\t\t<div class=\"elementor-container elementor-column-gap-custom\">\n\t\t\t\t\t<div class=\"elementor-column elementor-col-100 elementor-inner-column elementor-element elementor-element-f853ab9\" data-id=\"f853ab9\" data-element_type=\"column\" data-e-type=\"column\">\n\t\t\t<div class=\"elementor-widget-wrap elementor-element-populated\">\n\t\t\t\t\t\t<div class=\"elementor-element elementor-element-ef7fa51 elementor-align-justify elementor-widget elementor-widget-button\" data-id=\"ef7fa51\" data-element_type=\"widget\" data-e-type=\"widget\" data-widget_type=\"button.default\">\n\t\t\t\t<div class=\"elementor-widget-container\">\n\t\t\t\t\t\t\t\t\t<div class=\"elementor-button-wrapper\">\n\t\t\t\t\t<a class=\"elementor-button elementor-button-link elementor-size-sm\" href=\"https:\/\/tommigrill.com\/en\/paevapakkumised-2\/\">\n\t\t\t\t\t\t<span class=\"elementor-button-content-wrapper\">\n\t\t\t\t\t\t\t\t\t<span class=\"elementor-button-text\">P\u00c4EVAPAKKUMISed<\/span>\n\t\t\t\t\t<\/span>\n\t\t\t\t\t<\/a>\n\t\t\t\t<\/div>\n\t\t\t\t\t\t\t\t<\/div>\n\t\t\t\t<\/div>\n\t\t\t\t<div class=\"elementor-element elementor-element-6e996cb7 elementor-align-justify elementor-widget elementor-widget-button\" data-id=\"6e996cb7\" data-element_type=\"widget\" data-e-type=\"widget\" data-widget_type=\"button.default\">\n\t\t\t\t<div class=\"elementor-widget-container\">\n\t\t\t\t\t\t\t\t\t<div class=\"elementor-button-wrapper\">\n\t\t\t\t\t<a class=\"elementor-button elementor-button-link elementor-size-sm\" href=\"https:\/\/tommigrill.com\/en\/menuu-metro-plaza\/\">\n\t\t\t\t\t\t<span class=\"elementor-button-content-wrapper\">\n\t\t\t\t\t\t\t\t\t<span class=\"elementor-button-text\">MENU<\/span>\n\t\t\t\t\t<\/span>\n\t\t\t\t\t<\/a>\n\t\t\t\t<\/div>\n\t\t\t\t\t\t\t\t<\/div>\n\t\t\t\t<\/div>\n\t\t\t\t<div class=\"elementor-element elementor-element-46c9582a elementor-align-justify elementor-widget elementor-widget-button\" data-id=\"46c9582a\" data-element_type=\"widget\" data-e-type=\"widget\" data-widget_type=\"button.default\">\n\t\t\t\t<div class=\"elementor-widget-container\">\n\t\t\t\t\t\t\t\t\t<div class=\"elementor-button-wrapper\">\n\t\t\t\t\t<a class=\"elementor-button elementor-button-link elementor-size-sm\" href=\"https:\/\/tommigrill.com\/en\/kontakt\/\">\n\t\t\t\t\t\t<span class=\"elementor-button-content-wrapper\">\n\t\t\t\t\t\t\t\t\t<span class=\"elementor-button-text\">CONTACT<\/span>\n\t\t\t\t\t<\/span>\n\t\t\t\t\t<\/a>\n\t\t\t\t<\/div>\n\t\t\t\t\t\t\t\t<\/div>\n\t\t\t\t<\/div>\n\t\t\t\t\t<\/div>\n\t\t<\/div>\n\t\t\t\t\t<\/div>\n\t\t<\/section>\n\t\t\t\t\t<\/div>\n\t\t<\/div>\n\t\t\t\t<div class=\"elementor-column elementor-col-50 elementor-top-column elementor-element elementor-element-40836cb5\" data-id=\"40836cb5\" data-element_type=\"column\" data-e-type=\"column\">\n\t\t\t<div class=\"elementor-widget-wrap elementor-element-populated\">\n\t\t\t\t\t\t<div class=\"elementor-element elementor-element-141fc4b5 elementor-widget elementor-widget-spacer\" data-id=\"141fc4b5\" data-element_type=\"widget\" data-e-type=\"widget\" data-widget_type=\"spacer.default\">\n\t\t\t\t<div class=\"elementor-widget-container\">\n\t\t\t\t\t\t\t<div class=\"elementor-spacer\">\n\t\t\t<div class=\"elementor-spacer-inner\"><\/div>\n\t\t<\/div>\n\t\t\t\t\t\t<\/div>\n\t\t\t\t<\/div>\n\t\t\t\t<div class=\"elementor-element elementor-element-17d3c1a4 elementor-widget elementor-widget-image\" data-id=\"17d3c1a4\" data-element_type=\"widget\" data-e-type=\"widget\" data-widget_type=\"image.default\">\n\t\t\t\t<div class=\"elementor-widget-container\">\n\t\t\t\t\t\t\t\t\t\t\t\t\t\t\t<img fetchpriority=\"high\" decoding=\"async\" width=\"1024\" height=\"1024\" src=\"https:\/\/tommigrill.com\/wp-content\/uploads\/2025\/02\/pic-4.png\" class=\"attachment-large size-large wp-image-4460\" alt=\"\" srcset=\"https:\/\/tommigrill.com\/wp-content\/uploads\/2025\/02\/pic-4.png 1024w, https:\/\/tommigrill.com\/wp-content\/uploads\/2025\/02\/pic-4-300x300.png 300w, https:\/\/tommigrill.com\/wp-content\/uploads\/2025\/02\/pic-4-150x150.png 150w, https:\/\/tommigrill.com\/wp-content\/uploads\/2025\/02\/pic-4-768x768.png 768w, https:\/\/tommigrill.com\/wp-content\/uploads\/2025\/02\/pic-4-12x12.png 12w\" sizes=\"(max-width: 1024px) 100vw, 1024px\" \/>\t\t\t\t\t\t\t\t\t\t\t\t\t\t\t<\/div>\n\t\t\t\t<\/div>\n\t\t\t\t\t<\/div>\n\t\t<\/div>\n\t\t\t\t\t<\/div>\n\t\t<\/section>\n\t\t\t\t<section class=\"elementor-section elementor-top-section elementor-element elementor-element-a79b034 elementor-section-boxed elementor-section-height-default elementor-section-height-default\" data-id=\"a79b034\" data-element_type=\"section\" data-e-type=\"section\">\n\t\t\t\t\t\t<div class=\"elementor-container elementor-column-gap-default\">\n\t\t\t\t\t<div class=\"elementor-column elementor-col-100 elementor-top-column elementor-element elementor-element-1d002fa\" data-id=\"1d002fa\" data-element_type=\"column\" data-e-type=\"column\">\n\t\t\t<div class=\"elementor-widget-wrap\">\n\t\t\t\t\t\t\t<\/div>\n\t\t<\/div>\n\t\t\t\t\t<\/div>\n\t\t<\/section>\n\t\t\t\t<\/div>","protected":false},"excerpt":{"rendered":"<p>Tommi Grill METRO PLAZA Meie men\u00fc\u00fcst leiad maitsvad liharoad, v\u00e4rskelt valmistatud salatid, ahvatlevad magustoidud ning hoolikalt valitud joogivaliku. Tommi Grill on ideaalne koht l\u00f5una- v\u00f5i \u00f5htus\u00f6\u00f6giks ning m\u00f5nusaks puhkepausiks ostlemise vahel. Kvaliteetne toit ja s\u00f5bralik teenindus loovad hubase atmosf\u00e4\u00e4ri, kus on meeldiv aega veeta nii pere kui ka s\u00f5prade seltsis. Ootame k\u00fclla ka peresid \u2013 [&hellip;]<\/p>\n","protected":false},"author":1,"featured_media":0,"parent":0,"menu_order":0,"comment_status":"closed","ping_status":"closed","template":"","meta":{"_bbp_topic_count":0,"_bbp_reply_count":0,"_bbp_total_topic_count":0,"_bbp_total_reply_count":0,"_bbp_voice_count":0,"_bbp_anonymous_reply_count":0,"_bbp_topic_count_hidden":0,"_bbp_reply_count_hidden":0,"_bbp_forum_subforum_count":0,"site-sidebar-layout":"no-sidebar","site-content-layout":"page-builder","ast-site-content-layout":"full-width-container","site-content-style":"default","site-sidebar-style":"default","ast-global-header-display":"","ast-banner-title-visibility":"","ast-main-header-display":"","ast-hfb-above-header-display":"","ast-hfb-below-header-display":"","ast-hfb-mobile-header-display":"","site-post-title":"disabled","ast-breadcrumbs-content":"","ast-featured-img":"disabled","footer-sml-layout":"","ast-disable-related-posts":"","theme-transparent-header-meta":"default","adv-header-id-meta":"","stick-header-meta":"","header-above-stick-meta":"","header-main-stick-meta":"","header-below-stick-meta":"","astra-migrate-meta-layouts":"set","ast-page-background-enabled":"default","ast-page-background-meta":{"desktop":{"background-color":"","background-image":"","background-repeat":"repeat","background-position":"center center","background-size":"auto","background-attachment":"scroll","background-type":"","background-media":"","overlay-type":"","overlay-color":"","overlay-opacity":"","overlay-gradient":""},"tablet":{"background-color":"","background-image":"","background-repeat":"repeat","background-position":"center center","background-size":"auto","background-attachment":"scroll","background-type":"","background-media":"","overlay-type":"","overlay-color":"","overlay-opacity":"","overlay-gradient":""},"mobile":{"background-color":"","background-image":"","background-repeat":"repeat","background-position":"center center","background-size":"auto","background-attachment":"scroll","background-type":"","background-media":"","overlay-type":"","overlay-color":"","overlay-opacity":"","overlay-gradient":""}},"ast-content-background-meta":{"desktop":{"background-color":"var(--ast-global-color-5)","background-image":"","background-repeat":"repeat","background-position":"center center","background-size":"auto","background-attachment":"scroll","background-type":"","background-media":"","overlay-type":"","overlay-color":"","overlay-opacity":"","overlay-gradient":""},"tablet":{"background-color":"var(--ast-global-color-5)","background-image":"","background-repeat":"repeat","background-position":"center center","background-size":"auto","background-attachment":"scroll","background-type":"","background-media":"","overlay-type":"","overlay-color":"","overlay-opacity":"","overlay-gradient":""},"mobile":{"background-color":"var(--ast-global-color-5)","background-image":"","background-repeat":"repeat","background-position":"center center","background-size":"auto","background-attachment":"scroll","background-type":"","background-media":"","overlay-type":"","overlay-color":"","overlay-opacity":"","overlay-gradient":""}},"footnotes":""},"class_list":["post-4449","page","type-page","status-publish","hentry"],"yoast_head":"<!-- This site is optimized with the Yoast SEO plugin v27.5 - https:\/\/yoast.com\/product\/yoast-seo-wordpress\/ -->\n<title>TOMMI GRILL METRO PLAZA - Tommi Grill<\/title>\n<meta name=\"description\" content=\"Tommi Grill Metro Plaza&#039;s pakub maitsvaid s\u00f6\u00f6ke ja kiiret teenindust. Tule ja naudi l\u00f5\u00f5gastavat \u00f5hkkonda ning suurep\u00e4rast s\u00f6\u00f6ki.\" \/>\n<meta name=\"robots\" content=\"index, follow, max-snippet:-1, max-image-preview:large, max-video-preview:-1\" \/>\n<link rel=\"canonical\" href=\"https:\/\/tommigrill.com\/en\/tommi-grill-metro-plaza\/\" \/>\n<meta property=\"og:locale\" content=\"en_US\" \/>\n<meta property=\"og:type\" content=\"article\" \/>\n<meta property=\"og:title\" content=\"TOMMI GRILL METRO PLAZA - Tommi Grill\" \/>\n<meta property=\"og:description\" content=\"Tommi Grill Metro Plaza&#039;s pakub maitsvaid s\u00f6\u00f6ke ja kiiret teenindust. Tule ja naudi l\u00f5\u00f5gastavat \u00f5hkkonda ning suurep\u00e4rast s\u00f6\u00f6ki.\" \/>\n<meta property=\"og:url\" content=\"https:\/\/tommigrill.com\/en\/tommi-grill-metro-plaza\/\" \/>\n<meta property=\"og:site_name\" content=\"Tommi Grill\" \/>\n<meta property=\"article:modified_time\" content=\"2026-01-05T08:26:30+00:00\" \/>\n<meta property=\"og:image\" content=\"https:\/\/www.tommigrill.com\/wp-content\/uploads\/2025\/02\/pic-4.png\" \/>\n<meta name=\"twitter:card\" content=\"summary_large_image\" \/>\n<meta name=\"twitter:label1\" content=\"Est. reading time\" \/>\n\t<meta name=\"twitter:data1\" content=\"1 minute\" \/>\n<script type=\"application\/ld+json\" class=\"yoast-schema-graph\">{\"@context\":\"https:\\\/\\\/schema.org\",\"@graph\":[{\"@type\":\"WebPage\",\"@id\":\"https:\\\/\\\/tommigrill.com\\\/tommi-grill-metro-plaza\\\/\",\"url\":\"https:\\\/\\\/tommigrill.com\\\/tommi-grill-metro-plaza\\\/\",\"name\":\"TOMMI GRILL METRO PLAZA - Tommi Grill\",\"isPartOf\":{\"@id\":\"https:\\\/\\\/www.tommigrill.com\\\/#website\"},\"primaryImageOfPage\":{\"@id\":\"https:\\\/\\\/tommigrill.com\\\/tommi-grill-metro-plaza\\\/#primaryimage\"},\"image\":{\"@id\":\"https:\\\/\\\/tommigrill.com\\\/tommi-grill-metro-plaza\\\/#primaryimage\"},\"thumbnailUrl\":\"https:\\\/\\\/www.tommigrill.com\\\/wp-content\\\/uploads\\\/2025\\\/02\\\/pic-4.png\",\"datePublished\":\"2025-02-12T21:24:55+00:00\",\"dateModified\":\"2026-01-05T08:26:30+00:00\",\"description\":\"Tommi Grill Metro Plaza's pakub maitsvaid s\u00f6\u00f6ke ja kiiret teenindust. Tule ja naudi l\u00f5\u00f5gastavat \u00f5hkkonda ning suurep\u00e4rast s\u00f6\u00f6ki.\",\"breadcrumb\":{\"@id\":\"https:\\\/\\\/tommigrill.com\\\/tommi-grill-metro-plaza\\\/#breadcrumb\"},\"inLanguage\":\"en-US\",\"potentialAction\":[{\"@type\":\"ReadAction\",\"target\":[\"https:\\\/\\\/tommigrill.com\\\/tommi-grill-metro-plaza\\\/\"]}]},{\"@type\":\"ImageObject\",\"inLanguage\":\"en-US\",\"@id\":\"https:\\\/\\\/tommigrill.com\\\/tommi-grill-metro-plaza\\\/#primaryimage\",\"url\":\"https:\\\/\\\/www.tommigrill.com\\\/wp-content\\\/uploads\\\/2025\\\/02\\\/pic-4.png\",\"contentUrl\":\"https:\\\/\\\/www.tommigrill.com\\\/wp-content\\\/uploads\\\/2025\\\/02\\\/pic-4.png\"},{\"@type\":\"BreadcrumbList\",\"@id\":\"https:\\\/\\\/tommigrill.com\\\/tommi-grill-metro-plaza\\\/#breadcrumb\",\"itemListElement\":[{\"@type\":\"ListItem\",\"position\":1,\"name\":\"Home\",\"item\":\"https:\\\/\\\/www.tommigrill.com\\\/\"},{\"@type\":\"ListItem\",\"position\":2,\"name\":\"TOMMI GRILL METRO PLAZA\"}]},{\"@type\":\"WebSite\",\"@id\":\"https:\\\/\\\/www.tommigrill.com\\\/#website\",\"url\":\"https:\\\/\\\/www.tommigrill.com\\\/\",\"name\":\"Tommi Grill\",\"description\":\"\",\"publisher\":{\"@id\":\"https:\\\/\\\/www.tommigrill.com\\\/#organization\"},\"potentialAction\":[{\"@type\":\"SearchAction\",\"target\":{\"@type\":\"EntryPoint\",\"urlTemplate\":\"https:\\\/\\\/www.tommigrill.com\\\/?s={search_term_string}\"},\"query-input\":{\"@type\":\"PropertyValueSpecification\",\"valueRequired\":true,\"valueName\":\"search_term_string\"}}],\"inLanguage\":\"en-US\"},{\"@type\":\"Organization\",\"@id\":\"https:\\\/\\\/www.tommigrill.com\\\/#organization\",\"name\":\"Tommi Grill\",\"url\":\"https:\\\/\\\/www.tommigrill.com\\\/\",\"logo\":{\"@type\":\"ImageObject\",\"inLanguage\":\"en-US\",\"@id\":\"https:\\\/\\\/www.tommigrill.com\\\/#\\\/schema\\\/logo\\\/image\\\/\",\"url\":\"https:\\\/\\\/tommigrill.com\\\/wp-content\\\/uploads\\\/2020\\\/04\\\/cropped-tommi_grill-logo-2.png\",\"contentUrl\":\"https:\\\/\\\/tommigrill.com\\\/wp-content\\\/uploads\\\/2020\\\/04\\\/cropped-tommi_grill-logo-2.png\",\"width\":500,\"height\":167,\"caption\":\"Tommi Grill\"},\"image\":{\"@id\":\"https:\\\/\\\/www.tommigrill.com\\\/#\\\/schema\\\/logo\\\/image\\\/\"}}]}<\/script>\n<!-- \/ Yoast SEO plugin. -->","yoast_head_json":{"title":"TOMMI GRILL METRO PLAZA - Tommi Grill","description":"Tommi Grill Metro Plaza's pakub maitsvaid s\u00f6\u00f6ke ja kiiret teenindust. Tule ja naudi l\u00f5\u00f5gastavat \u00f5hkkonda ning suurep\u00e4rast s\u00f6\u00f6ki.","robots":{"index":"index","follow":"follow","max-snippet":"max-snippet:-1","max-image-preview":"max-image-preview:large","max-video-preview":"max-video-preview:-1"},"canonical":"https:\/\/tommigrill.com\/en\/tommi-grill-metro-plaza\/","og_locale":"en_US","og_type":"article","og_title":"TOMMI GRILL METRO PLAZA - Tommi Grill","og_description":"Tommi Grill Metro Plaza's pakub maitsvaid s\u00f6\u00f6ke ja kiiret teenindust. Tule ja naudi l\u00f5\u00f5gastavat \u00f5hkkonda ning suurep\u00e4rast s\u00f6\u00f6ki.","og_url":"https:\/\/tommigrill.com\/en\/tommi-grill-metro-plaza\/","og_site_name":"Tommi Grill","article_modified_time":"2026-01-05T08:26:30+00:00","og_image":[{"url":"https:\/\/www.tommigrill.com\/wp-content\/uploads\/2025\/02\/pic-4.png","type":"","width":"","height":""}],"twitter_card":"summary_large_image","twitter_misc":{"Est. reading time":"1 minute"},"schema":{"@context":"https:\/\/schema.org","@graph":[{"@type":"WebPage","@id":"https:\/\/tommigrill.com\/tommi-grill-metro-plaza\/","url":"https:\/\/tommigrill.com\/tommi-grill-metro-plaza\/","name":"TOMMI GRILL METRO PLAZA - Tommi Grill","isPartOf":{"@id":"https:\/\/www.tommigrill.com\/#website"},"primaryImageOfPage":{"@id":"https:\/\/tommigrill.com\/tommi-grill-metro-plaza\/#primaryimage"},"image":{"@id":"https:\/\/tommigrill.com\/tommi-grill-metro-plaza\/#primaryimage"},"thumbnailUrl":"https:\/\/www.tommigrill.com\/wp-content\/uploads\/2025\/02\/pic-4.png","datePublished":"2025-02-12T21:24:55+00:00","dateModified":"2026-01-05T08:26:30+00:00","description":"Tommi Grill Metro Plaza's pakub maitsvaid s\u00f6\u00f6ke ja kiiret teenindust. Tule ja naudi l\u00f5\u00f5gastavat \u00f5hkkonda ning suurep\u00e4rast s\u00f6\u00f6ki.","breadcrumb":{"@id":"https:\/\/tommigrill.com\/tommi-grill-metro-plaza\/#breadcrumb"},"inLanguage":"en-US","potentialAction":[{"@type":"ReadAction","target":["https:\/\/tommigrill.com\/tommi-grill-metro-plaza\/"]}]},{"@type":"ImageObject","inLanguage":"en-US","@id":"https:\/\/tommigrill.com\/tommi-grill-metro-plaza\/#primaryimage","url":"https:\/\/www.tommigrill.com\/wp-content\/uploads\/2025\/02\/pic-4.png","contentUrl":"https:\/\/www.tommigrill.com\/wp-content\/uploads\/2025\/02\/pic-4.png"},{"@type":"BreadcrumbList","@id":"https:\/\/tommigrill.com\/tommi-grill-metro-plaza\/#breadcrumb","itemListElement":[{"@type":"ListItem","position":1,"name":"Home","item":"https:\/\/www.tommigrill.com\/"},{"@type":"ListItem","position":2,"name":"TOMMI GRILL METRO PLAZA"}]},{"@type":"WebSite","@id":"https:\/\/www.tommigrill.com\/#website","url":"https:\/\/www.tommigrill.com\/","name":"Tommi Grill","description":"","publisher":{"@id":"https:\/\/www.tommigrill.com\/#organization"},"potentialAction":[{"@type":"SearchAction","target":{"@type":"EntryPoint","urlTemplate":"https:\/\/www.tommigrill.com\/?s={search_term_string}"},"query-input":{"@type":"PropertyValueSpecification","valueRequired":true,"valueName":"search_term_string"}}],"inLanguage":"en-US"},{"@type":"Organization","@id":"https:\/\/www.tommigrill.com\/#organization","name":"Tommi Grill","url":"https:\/\/www.tommigrill.com\/","logo":{"@type":"ImageObject","inLanguage":"en-US","@id":"https:\/\/www.tommigrill.com\/#\/schema\/logo\/image\/","url":"https:\/\/tommigrill.com\/wp-content\/uploads\/2020\/04\/cropped-tommi_grill-logo-2.png","contentUrl":"https:\/\/tommigrill.com\/wp-content\/uploads\/2020\/04\/cropped-tommi_grill-logo-2.png","width":500,"height":167,"caption":"Tommi Grill"},"image":{"@id":"https:\/\/www.tommigrill.com\/#\/schema\/logo\/image\/"}}]}},"_links":{"self":[{"href":"https:\/\/tommigrill.com\/en\/wp-json\/wp\/v2\/pages\/4449","targetHints":{"allow":["GET"]}}],"collection":[{"href":"https:\/\/tommigrill.com\/en\/wp-json\/wp\/v2\/pages"}],"about":[{"href":"https:\/\/tommigrill.com\/en\/wp-json\/wp\/v2\/types\/page"}],"author":[{"embeddable":true,"href":"https:\/\/tommigrill.com\/en\/wp-json\/wp\/v2\/users\/1"}],"replies":[{"embeddable":true,"href":"https:\/\/tommigrill.com\/en\/wp-json\/wp\/v2\/comments?post=4449"}],"version-history":[{"count":5,"href":"https:\/\/tommigrill.com\/en\/wp-json\/wp\/v2\/pages\/4449\/revisions"}],"predecessor-version":[{"id":5944,"href":"https:\/\/tommigrill.com\/en\/wp-json\/wp\/v2\/pages\/4449\/revisions\/5944"}],"wp:attachment":[{"href":"https:\/\/tommigrill.com\/en\/wp-json\/wp\/v2\/media?parent=4449"}],"curies":[{"name":"wp","href":"https:\/\/api.w.org\/{rel}","templated":true}]}}