{"id":4788,"date":"2025-03-17T13:55:28","date_gmt":"2025-03-17T13:55:28","guid":{"rendered":"https:\/\/tommigrill.com\/?page_id=4788"},"modified":"2026-04-30T08:31:35","modified_gmt":"2026-04-30T08:31:35","slug":"paevapakkumised-2","status":"publish","type":"page","link":"https:\/\/tommigrill.com\/en\/paevapakkumised-2\/","title":{"rendered":"DAILY SPECIALS OFFER"},"content":{"rendered":"<div data-elementor-type=\"wp-page\" data-elementor-id=\"4788\" class=\"elementor elementor-4788\">\n\t\t\t\t\t\t<section class=\"elementor-section elementor-top-section elementor-element elementor-element-66b248d elementor-section-boxed elementor-section-height-default elementor-section-height-default\" data-id=\"66b248d\" data-element_type=\"section\" data-e-type=\"section\" data-settings=\"{&quot;background_background&quot;:&quot;classic&quot;}\">\n\t\t\t\t\t\t\t<div class=\"elementor-background-overlay\"><\/div>\n\t\t\t\t\t\t\t<div class=\"elementor-container elementor-column-gap-default\">\n\t\t\t\t\t<div class=\"elementor-column elementor-col-100 elementor-top-column elementor-element elementor-element-82650a5\" data-id=\"82650a5\" data-element_type=\"column\" data-e-type=\"column\">\n\t\t\t<div class=\"elementor-widget-wrap elementor-element-populated\">\n\t\t\t\t\t\t<div class=\"elementor-element elementor-element-83e4d3a elementor-widget elementor-widget-spacer\" data-id=\"83e4d3a\" data-element_type=\"widget\" data-e-type=\"widget\" data-widget_type=\"spacer.default\">\n\t\t\t\t<div class=\"elementor-widget-container\">\n\t\t\t\t\t\t\t<div class=\"elementor-spacer\">\n\t\t\t<div class=\"elementor-spacer-inner\"><\/div>\n\t\t<\/div>\n\t\t\t\t\t\t<\/div>\n\t\t\t\t<\/div>\n\t\t\t\t<section class=\"elementor-section elementor-inner-section elementor-element elementor-element-0646c46 elementor-section-boxed elementor-section-height-default elementor-section-height-default\" data-id=\"0646c46\" data-element_type=\"section\" data-e-type=\"section\">\n\t\t\t\t\t\t<div class=\"elementor-container elementor-column-gap-default\">\n\t\t\t\t\t<div class=\"elementor-column elementor-col-50 elementor-inner-column elementor-element elementor-element-f655aa6\" data-id=\"f655aa6\" data-element_type=\"column\" data-e-type=\"column\">\n\t\t\t<div class=\"elementor-widget-wrap elementor-element-populated\">\n\t\t\t\t\t\t<div class=\"elementor-element elementor-element-0bc4264 elementor-widget elementor-widget-heading\" data-id=\"0bc4264\" data-element_type=\"widget\" data-e-type=\"widget\" data-widget_type=\"heading.default\">\n\t\t\t\t<div class=\"elementor-widget-container\">\n\t\t\t\t\t<h2 class=\"elementor-heading-title elementor-size-default\">TOMMI GRILL METRO PLAZA<\/h2>\t\t\t\t<\/div>\n\t\t\t\t<\/div>\n\t\t\t\t<div class=\"elementor-element elementor-element-8f97e39 elementor-widget elementor-widget-text-editor\" data-id=\"8f97e39\" data-element_type=\"widget\" data-e-type=\"widget\" data-widget_type=\"text-editor.default\">\n\t\t\t\t<div class=\"elementor-widget-container\">\n\t\t\t\t\t\t\t\t\t<p>Gulja\u0161\u0161 supp 5.80<\/p><p>Poke marineeritud l\u00f5hega 7.80<\/p><p>Sealiha\u0161a\u0161l\u00f5kk,friikartulitega\u00a0<\/p><p>Kodune kotlet,tatraga 7.80<\/p><p>Head isu!<\/p><p>TIME OF APPLICATIONS<br \/><strong>\u00a0E-R 11:30- 15:30<\/strong><\/p><p>PARKING<br \/><strong>up to 1h for free<\/strong><\/p><p>ADRESS<br \/><strong>Viru v\u00e4ljak 2, Tallinn<\/strong><\/p>\t\t\t\t\t\t\t\t<\/div>\n\t\t\t\t<\/div>\n\t\t\t\t\t<\/div>\n\t\t<\/div>\n\t\t\t\t<div class=\"elementor-column elementor-col-50 elementor-inner-column elementor-element elementor-element-f96c005\" data-id=\"f96c005\" data-element_type=\"column\" data-e-type=\"column\">\n\t\t\t<div class=\"elementor-widget-wrap elementor-element-populated\">\n\t\t\t\t\t\t<div class=\"elementor-element elementor-element-59b4dd3 elementor-widget elementor-widget-heading\" data-id=\"59b4dd3\" data-element_type=\"widget\" data-e-type=\"widget\" data-widget_type=\"heading.default\">\n\t\t\t\t<div class=\"elementor-widget-container\">\n\t\t\t\t\t<h2 class=\"elementor-heading-title elementor-size-default\">TOMMI GRILL ROCCA<\/h2>\t\t\t\t<\/div>\n\t\t\t\t<\/div>\n\t\t\t\t<div class=\"elementor-element elementor-element-2a39190 elementor-widget__width-initial elementor-widget elementor-widget-text-editor\" data-id=\"2a39190\" data-element_type=\"widget\" data-e-type=\"widget\" data-widget_type=\"text-editor.default\">\n\t\t\t\t<div class=\"elementor-widget-container\">\n\t\t\t\t\t\t\t\t\t<p><span style=\"font-style: inherit; font-weight: inherit;\">Gulja\u0161\u0161 supp 5.80<\/span><\/p>\n<p><span style=\"font-style: inherit; font-weight: inherit;\">Poke marineeritud l\u00f5hega 7.80<\/span><\/p>\n<p>Sealiha\u0161a\u0161l\u00f5kk,friikartulitega 7.80<span style=\"font-style: inherit; font-weight: inherit;\">&nbsp;<\/span><\/p>\n<p>Kodune kotlet tatraga 7.80<\/p>\n<p><span style=\"font-style: inherit; font-weight: inherit;\">&nbsp;<br><\/span><span style=\"font-style: inherit; font-weight: inherit;\">Head Isu!<\/span><\/p>\t\t\t\t\t\t\t\t<\/div>\n\t\t\t\t<\/div>\n\t\t\t\t<div class=\"elementor-element elementor-element-931be35 elementor-widget elementor-widget-text-editor\" data-id=\"931be35\" data-element_type=\"widget\" data-e-type=\"widget\" data-widget_type=\"text-editor.default\">\n\t\t\t\t<div class=\"elementor-widget-container\">\n\t\t\t\t\t\t\t\t\t<p>TIME OF APPLICATIONS<br \/><strong>11:30- 15:30<\/strong><\/p><p>PARKING<br \/><strong>Tasuta<\/strong><\/p><p>ADRESS<br \/><strong>Paldiski maantee 102, Tallinn<\/strong><\/p>\t\t\t\t\t\t\t\t<\/div>\n\t\t\t\t<\/div>\n\t\t\t\t\t<\/div>\n\t\t<\/div>\n\t\t\t\t\t<\/div>\n\t\t<\/section>\n\t\t\t\t\t<\/div>\n\t\t<\/div>\n\t\t\t\t\t<\/div>\n\t\t<\/section>\n\t\t\t\t<\/div>","protected":false},"excerpt":{"rendered":"<p>TOMMI GRILL METRO PLAZA Gulja\u0161\u0161 supp 5.80 Poke marineeritud l\u00f5hega 7.80 Sealiha\u0161a\u0161l\u00f5kk,friikartulitega\u00a0 Kodune kotlet,tatraga 7.80 Head isu! PAKKUMISTE AEG\u00a0E-R 11:30- 15:30 PARKIMINEkuni 1h tasuta AADRESSViru v\u00e4ljak 2, Tallinn TOMMI GRILL ROCCA Gulja\u0161\u0161 supp 5.80 Poke marineeritud l\u00f5hega 7.80 Sealiha\u0161a\u0161l\u00f5kk,friikartulitega 7.80&nbsp; Kodune kotlet tatraga 7.80 &nbsp;Head Isu! PAKKUMISTE AEG11:30- 15:30 PARKIMINETasuta AADRESSPaldiski maantee 102, Tallinn<\/p>","protected":false},"author":1,"featured_media":0,"parent":0,"menu_order":0,"comment_status":"closed","ping_status":"closed","template":"","meta":{"_bbp_topic_count":0,"_bbp_reply_count":0,"_bbp_total_topic_count":0,"_bbp_total_reply_count":0,"_bbp_voice_count":0,"_bbp_anonymous_reply_count":0,"_bbp_topic_count_hidden":0,"_bbp_reply_count_hidden":0,"_bbp_forum_subforum_count":0,"site-sidebar-layout":"no-sidebar","site-content-layout":"page-builder","ast-site-content-layout":"full-width-container","site-content-style":"default","site-sidebar-style":"default","ast-global-header-display":"","ast-banner-title-visibility":"","ast-main-header-display":"","ast-hfb-above-header-display":"","ast-hfb-below-header-display":"","ast-hfb-mobile-header-display":"","site-post-title":"disabled","ast-breadcrumbs-content":"","ast-featured-img":"disabled","footer-sml-layout":"","ast-disable-related-posts":"","theme-transparent-header-meta":"","adv-header-id-meta":"","stick-header-meta":"","header-above-stick-meta":"","header-main-stick-meta":"","header-below-stick-meta":"","astra-migrate-meta-layouts":"default","ast-page-background-enabled":"default","ast-page-background-meta":{"desktop":{"background-color":"","background-image":"","background-repeat":"repeat","background-position":"center center","background-size":"auto","background-attachment":"scroll","background-type":"","background-media":"","overlay-type":"","overlay-color":"","overlay-opacity":"","overlay-gradient":""},"tablet":{"background-color":"","background-image":"","background-repeat":"repeat","background-position":"center center","background-size":"auto","background-attachment":"scroll","background-type":"","background-media":"","overlay-type":"","overlay-color":"","overlay-opacity":"","overlay-gradient":""},"mobile":{"background-color":"","background-image":"","background-repeat":"repeat","background-position":"center center","background-size":"auto","background-attachment":"scroll","background-type":"","background-media":"","overlay-type":"","overlay-color":"","overlay-opacity":"","overlay-gradient":""}},"ast-content-background-meta":{"desktop":{"background-color":"var(--ast-global-color-5)","background-image":"","background-repeat":"repeat","background-position":"center center","background-size":"auto","background-attachment":"scroll","background-type":"","background-media":"","overlay-type":"","overlay-color":"","overlay-opacity":"","overlay-gradient":""},"tablet":{"background-color":"var(--ast-global-color-5)","background-image":"","background-repeat":"repeat","background-position":"center center","background-size":"auto","background-attachment":"scroll","background-type":"","background-media":"","overlay-type":"","overlay-color":"","overlay-opacity":"","overlay-gradient":""},"mobile":{"background-color":"var(--ast-global-color-5)","background-image":"","background-repeat":"repeat","background-position":"center center","background-size":"auto","background-attachment":"scroll","background-type":"","background-media":"","overlay-type":"","overlay-color":"","overlay-opacity":"","overlay-gradient":""}},"footnotes":""},"class_list":["post-4788","page","type-page","status-publish","hentry"],"yoast_head":"<!-- This site is optimized with the Yoast SEO plugin v27.5 - https:\/\/yoast.com\/product\/yoast-seo-wordpress\/ -->\n<title>P\u00c4EVAPAKKUMISED - Tommi Grill<\/title>\n<meta name=\"robots\" content=\"index, follow, max-snippet:-1, max-image-preview:large, max-video-preview:-1\" \/>\n<link rel=\"canonical\" href=\"https:\/\/tommigrill.com\/en\/paevapakkumised-2\/\" \/>\n<meta property=\"og:locale\" content=\"en_US\" \/>\n<meta property=\"og:type\" content=\"article\" \/>\n<meta property=\"og:title\" content=\"P\u00c4EVAPAKKUMISED - Tommi Grill\" \/>\n<meta property=\"og:description\" content=\"TOMMI GRILL METRO PLAZA Gulja\u0161\u0161 supp 5.80 Poke marineeritud l\u00f5hega 7.80 Sealiha\u0161a\u0161l\u00f5kk,friikartulitega\u00a0 Kodune kotlet,tatraga 7.80 Head isu! PAKKUMISTE AEG\u00a0E-R 11:30- 15:30 PARKIMINEkuni 1h tasuta AADRESSViru v\u00e4ljak 2, Tallinn TOMMI GRILL ROCCA Gulja\u0161\u0161 supp 5.80 Poke marineeritud l\u00f5hega 7.80 Sealiha\u0161a\u0161l\u00f5kk,friikartulitega 7.80&nbsp; Kodune kotlet tatraga 7.80 &nbsp;Head Isu! PAKKUMISTE AEG11:30- 15:30 PARKIMINETasuta AADRESSPaldiski maantee 102, Tallinn\" \/>\n<meta property=\"og:url\" content=\"https:\/\/tommigrill.com\/en\/paevapakkumised-2\/\" \/>\n<meta property=\"og:site_name\" content=\"Tommi Grill\" \/>\n<meta property=\"article:modified_time\" content=\"2026-04-30T08:31:35+00:00\" \/>\n<meta name=\"twitter:card\" content=\"summary_large_image\" \/>\n<meta name=\"twitter:label1\" content=\"Est. reading time\" \/>\n\t<meta name=\"twitter:data1\" content=\"1 minute\" \/>\n<script type=\"application\/ld+json\" class=\"yoast-schema-graph\">{\"@context\":\"https:\\\/\\\/schema.org\",\"@graph\":[{\"@type\":\"WebPage\",\"@id\":\"https:\\\/\\\/tommigrill.com\\\/paevapakkumised-2\\\/\",\"url\":\"https:\\\/\\\/tommigrill.com\\\/paevapakkumised-2\\\/\",\"name\":\"P\u00c4EVAPAKKUMISED - Tommi Grill\",\"isPartOf\":{\"@id\":\"https:\\\/\\\/www.tommigrill.com\\\/#website\"},\"datePublished\":\"2025-03-17T13:55:28+00:00\",\"dateModified\":\"2026-04-30T08:31:35+00:00\",\"breadcrumb\":{\"@id\":\"https:\\\/\\\/tommigrill.com\\\/paevapakkumised-2\\\/#breadcrumb\"},\"inLanguage\":\"en-US\",\"potentialAction\":[{\"@type\":\"ReadAction\",\"target\":[\"https:\\\/\\\/tommigrill.com\\\/paevapakkumised-2\\\/\"]}]},{\"@type\":\"BreadcrumbList\",\"@id\":\"https:\\\/\\\/tommigrill.com\\\/paevapakkumised-2\\\/#breadcrumb\",\"itemListElement\":[{\"@type\":\"ListItem\",\"position\":1,\"name\":\"Home\",\"item\":\"https:\\\/\\\/www.tommigrill.com\\\/\"},{\"@type\":\"ListItem\",\"position\":2,\"name\":\"P\u00c4EVAPAKKUMISED\"}]},{\"@type\":\"WebSite\",\"@id\":\"https:\\\/\\\/www.tommigrill.com\\\/#website\",\"url\":\"https:\\\/\\\/www.tommigrill.com\\\/\",\"name\":\"Tommi Grill\",\"description\":\"\",\"publisher\":{\"@id\":\"https:\\\/\\\/www.tommigrill.com\\\/#organization\"},\"potentialAction\":[{\"@type\":\"SearchAction\",\"target\":{\"@type\":\"EntryPoint\",\"urlTemplate\":\"https:\\\/\\\/www.tommigrill.com\\\/?s={search_term_string}\"},\"query-input\":{\"@type\":\"PropertyValueSpecification\",\"valueRequired\":true,\"valueName\":\"search_term_string\"}}],\"inLanguage\":\"en-US\"},{\"@type\":\"Organization\",\"@id\":\"https:\\\/\\\/www.tommigrill.com\\\/#organization\",\"name\":\"Tommi Grill\",\"url\":\"https:\\\/\\\/www.tommigrill.com\\\/\",\"logo\":{\"@type\":\"ImageObject\",\"inLanguage\":\"en-US\",\"@id\":\"https:\\\/\\\/www.tommigrill.com\\\/#\\\/schema\\\/logo\\\/image\\\/\",\"url\":\"https:\\\/\\\/tommigrill.com\\\/wp-content\\\/uploads\\\/2020\\\/04\\\/cropped-tommi_grill-logo-2.png\",\"contentUrl\":\"https:\\\/\\\/tommigrill.com\\\/wp-content\\\/uploads\\\/2020\\\/04\\\/cropped-tommi_grill-logo-2.png\",\"width\":500,\"height\":167,\"caption\":\"Tommi Grill\"},\"image\":{\"@id\":\"https:\\\/\\\/www.tommigrill.com\\\/#\\\/schema\\\/logo\\\/image\\\/\"}}]}<\/script>\n<!-- \/ Yoast SEO plugin. -->","yoast_head_json":{"title":"P\u00c4EVAPAKKUMISED - Tommi Grill","robots":{"index":"index","follow":"follow","max-snippet":"max-snippet:-1","max-image-preview":"max-image-preview:large","max-video-preview":"max-video-preview:-1"},"canonical":"https:\/\/tommigrill.com\/en\/paevapakkumised-2\/","og_locale":"en_US","og_type":"article","og_title":"P\u00c4EVAPAKKUMISED - Tommi Grill","og_description":"TOMMI GRILL METRO PLAZA Gulja\u0161\u0161 supp 5.80 Poke marineeritud l\u00f5hega 7.80 Sealiha\u0161a\u0161l\u00f5kk,friikartulitega\u00a0 Kodune kotlet,tatraga 7.80 Head isu! PAKKUMISTE AEG\u00a0E-R 11:30- 15:30 PARKIMINEkuni 1h tasuta AADRESSViru v\u00e4ljak 2, Tallinn TOMMI GRILL ROCCA Gulja\u0161\u0161 supp 5.80 Poke marineeritud l\u00f5hega 7.80 Sealiha\u0161a\u0161l\u00f5kk,friikartulitega 7.80&nbsp; Kodune kotlet tatraga 7.80 &nbsp;Head Isu! PAKKUMISTE AEG11:30- 15:30 PARKIMINETasuta AADRESSPaldiski maantee 102, Tallinn","og_url":"https:\/\/tommigrill.com\/en\/paevapakkumised-2\/","og_site_name":"Tommi Grill","article_modified_time":"2026-04-30T08:31:35+00:00","twitter_card":"summary_large_image","twitter_misc":{"Est. reading time":"1 minute"},"schema":{"@context":"https:\/\/schema.org","@graph":[{"@type":"WebPage","@id":"https:\/\/tommigrill.com\/paevapakkumised-2\/","url":"https:\/\/tommigrill.com\/paevapakkumised-2\/","name":"P\u00c4EVAPAKKUMISED - Tommi Grill","isPartOf":{"@id":"https:\/\/www.tommigrill.com\/#website"},"datePublished":"2025-03-17T13:55:28+00:00","dateModified":"2026-04-30T08:31:35+00:00","breadcrumb":{"@id":"https:\/\/tommigrill.com\/paevapakkumised-2\/#breadcrumb"},"inLanguage":"en-US","potentialAction":[{"@type":"ReadAction","target":["https:\/\/tommigrill.com\/paevapakkumised-2\/"]}]},{"@type":"BreadcrumbList","@id":"https:\/\/tommigrill.com\/paevapakkumised-2\/#breadcrumb","itemListElement":[{"@type":"ListItem","position":1,"name":"Home","item":"https:\/\/www.tommigrill.com\/"},{"@type":"ListItem","position":2,"name":"P\u00c4EVAPAKKUMISED"}]},{"@type":"WebSite","@id":"https:\/\/www.tommigrill.com\/#website","url":"https:\/\/www.tommigrill.com\/","name":"Tommi Grill","description":"","publisher":{"@id":"https:\/\/www.tommigrill.com\/#organization"},"potentialAction":[{"@type":"SearchAction","target":{"@type":"EntryPoint","urlTemplate":"https:\/\/www.tommigrill.com\/?s={search_term_string}"},"query-input":{"@type":"PropertyValueSpecification","valueRequired":true,"valueName":"search_term_string"}}],"inLanguage":"en-US"},{"@type":"Organization","@id":"https:\/\/www.tommigrill.com\/#organization","name":"Tommi Grill","url":"https:\/\/www.tommigrill.com\/","logo":{"@type":"ImageObject","inLanguage":"en-US","@id":"https:\/\/www.tommigrill.com\/#\/schema\/logo\/image\/","url":"https:\/\/tommigrill.com\/wp-content\/uploads\/2020\/04\/cropped-tommi_grill-logo-2.png","contentUrl":"https:\/\/tommigrill.com\/wp-content\/uploads\/2020\/04\/cropped-tommi_grill-logo-2.png","width":500,"height":167,"caption":"Tommi Grill"},"image":{"@id":"https:\/\/www.tommigrill.com\/#\/schema\/logo\/image\/"}}]}},"_links":{"self":[{"href":"https:\/\/tommigrill.com\/en\/wp-json\/wp\/v2\/pages\/4788","targetHints":{"allow":["GET"]}}],"collection":[{"href":"https:\/\/tommigrill.com\/en\/wp-json\/wp\/v2\/pages"}],"about":[{"href":"https:\/\/tommigrill.com\/en\/wp-json\/wp\/v2\/types\/page"}],"author":[{"embeddable":true,"href":"https:\/\/tommigrill.com\/en\/wp-json\/wp\/v2\/users\/1"}],"replies":[{"embeddable":true,"href":"https:\/\/tommigrill.com\/en\/wp-json\/wp\/v2\/comments?post=4788"}],"version-history":[{"count":50,"href":"https:\/\/tommigrill.com\/en\/wp-json\/wp\/v2\/pages\/4788\/revisions"}],"predecessor-version":[{"id":6334,"href":"https:\/\/tommigrill.com\/en\/wp-json\/wp\/v2\/pages\/4788\/revisions\/6334"}],"wp:attachment":[{"href":"https:\/\/tommigrill.com\/en\/wp-json\/wp\/v2\/media?parent=4788"}],"curies":[{"name":"wp","href":"https:\/\/api.w.org\/{rel}","templated":true}]}}